{"id":41,"date":"2025-04-22T09:54:42","date_gmt":"2025-04-22T09:54:42","guid":{"rendered":"http:\/\/kreds20tarm-skjern.dk\/?page_id=41"},"modified":"2025-05-01T13:17:07","modified_gmt":"2025-05-01T13:17:07","slug":"hvalpetraening","status":"publish","type":"page","link":"http:\/\/kreds20.dk\/index.php\/hvalpetraening\/","title":{"rendered":"Hvalpetr\u00e6ning"},"content":{"rendered":"\n<p><br><strong>Samarbejdet mellem dig og din hund g\u00f8r forskellen!<\/strong><\/p>\n\n\n\n<p><strong>Gode r\u00e5d til din hvalpetr\u00e6ning?<\/strong><\/p>\n\n\n\n<p><strong>Lyt til din tr\u00e6ner <\/strong>i forhold til opdraget af din hund \u2013 for mange gode og velmene r\u00e5d kan forvirre!<\/p>\n\n\n\n<p><strong>V\u00e6lg dine godbidder med omhu <\/strong>\u2013 de skal stimulere din hund til at g\u00f8re det du vil have den til.<\/p>\n\n\n\n<p><strong>Leget\u00f8jet<\/strong> (f.eks. en bold i snor) som din hund har med til tr\u00e6ning skal v\u00e6re interessant og skal bruges til at aflede og stimulere til ny tr\u00e6ning.<\/p>\n\n\n\n<p><strong>Din tr\u00e6ner anviser dig \u00f8velser <\/strong>\u2013 hvis de ikke virker for dig og din hund, dr\u00f8ft det med tr\u00e6neren og pas til.<\/p>\n\n\n\n<p><strong>Din stemmef\u00f8ring er vigtig for indl\u00e6ringen <\/strong>\u2013 din hund afl\u00e6ser den.<\/p>\n\n\n\n<p><strong>Ris og ros er vigtig \u2013 <\/strong>din hund skal vide hvor den har dig.<\/p>\n\n\n\n<p><strong>Nogen gange h\u00f8rer din hund ikke rigtig hvad du siger <\/strong>\u2013 fortvivl ikke, det kommer og du skal blive ved.<\/p>\n\n\n\n<p><strong>Din hund oplever rigtig mange faser i l\u00f8bet af kort tid og bliver ogs\u00e5 teenager<\/strong>. Her h\u00f8rer den ikke altid det du siger (typisk fra den er 7 m\u00e5neder til den er 9 m\u00e5neder). Arbejd\/leg med den i line i den periode, s\u00e5 ved din hund hvor du er!<\/p>\n\n\n\n<p><strong>Bliv ved \u2013 det betaler sig.<\/strong><\/p>\n\n\n\n<p><strong>Selvtillids\u00f8velser<\/strong>, herunder tunnel, balancebom, vippe og slalom<\/p>\n\n\n\n<p><strong>Milj\u00f8tr\u00e6ning<\/strong>, hundene involveres i tr\u00e6ningen med hinanden og der bliver givet gode r\u00e5d til milj\u00f8tr\u00e6ning med andre mennesker (f.eks. byture og lignende)<\/p>\n\n\n\n<p><strong>Apportering<\/strong>, hente og bringe apportbuk, bold og lignende<\/p>\n\n\n\n<p><strong>Indkald, linef\u00f8ring, st\u00e5, sit, d\u00e6k <\/strong>og <strong>fremadsendelse<\/strong><\/p>\n\n\n\n<p><strong>Sidst ind\/ud <\/strong>af d\u00f8ren og den \u201d<strong>forbudte\u201d<\/strong> godbid<\/p>\n\n\n\n<p><strong>\u00d8jenkontakt<\/strong> og \u201d<strong>dygtig\u201d<\/strong><\/p>\n\n\n\n<p><strong>Boldjagt<\/strong> (styrker hundens naturlige bytteinstinkt)<strong> &#8211; \u201d<\/strong>Ud og fange, og hjem igen<strong>\u201d<\/strong><\/p>\n\n\n\n<p><strong>Ruskeleg <\/strong>(med bold). G\u00f8r det sjovt at holde fast og du l\u00e6rer din hund at give slip i forbindelse med legen.<\/p>\n\n\n\n<figure class=\"wp-block-image size-large\"><img loading=\"lazy\" decoding=\"async\" width=\"683\" height=\"1024\" src=\"http:\/\/kreds20tarm-skjern.dk\/wp-content\/uploads\/2025\/05\/BA1C3EA6-396D-4D8C-97BB-FDCC7C329A41-683x1024.jpg\" alt=\"\" class=\"wp-image-182\" srcset=\"http:\/\/kreds20.dk\/wp-content\/uploads\/2025\/05\/BA1C3EA6-396D-4D8C-97BB-FDCC7C329A41-683x1024.jpg 683w, http:\/\/kreds20.dk\/wp-content\/uploads\/2025\/05\/BA1C3EA6-396D-4D8C-97BB-FDCC7C329A41-200x300.jpg 200w, http:\/\/kreds20.dk\/wp-content\/uploads\/2025\/05\/BA1C3EA6-396D-4D8C-97BB-FDCC7C329A41-768x1152.jpg 768w, http:\/\/kreds20.dk\/wp-content\/uploads\/2025\/05\/BA1C3EA6-396D-4D8C-97BB-FDCC7C329A41-1024x1536.jpg 1024w, http:\/\/kreds20.dk\/wp-content\/uploads\/2025\/05\/BA1C3EA6-396D-4D8C-97BB-FDCC7C329A41.jpg 1365w\" sizes=\"auto, (max-width: 683px) 100vw, 683px\" \/><\/figure>\n","protected":false},"excerpt":{"rendered":"<p>Samarbejdet mellem dig og din hund g\u00f8r forskellen! Gode r\u00e5d til din hvalpetr\u00e6ning? Lyt til din tr\u00e6ner i forhold til opdraget af din hund \u2013 for mange gode og velmene r\u00e5d kan forvirre! V\u00e6lg dine godbidder med omhu \u2013 de skal stimulere din hund til at g\u00f8re det du vil have den til. Leget\u00f8jet (f.eks. &hellip; <\/p>\n<p class=\"link-more\"><a href=\"http:\/\/kreds20.dk\/index.php\/hvalpetraening\/\" class=\"more-link\">L\u00e6s videre<span class=\"screen-reader-text\"> &#8220;Hvalpetr\u00e6ning&#8221;<\/span><\/a><\/p>\n","protected":false},"author":1,"featured_media":0,"parent":0,"menu_order":0,"comment_status":"closed","ping_status":"closed","template":"","meta":{"footnotes":""},"class_list":["post-41","page","type-page","status-publish","hentry"],"_links":{"self":[{"href":"http:\/\/kreds20.dk\/index.php\/wp-json\/wp\/v2\/pages\/41","targetHints":{"allow":["GET"]}}],"collection":[{"href":"http:\/\/kreds20.dk\/index.php\/wp-json\/wp\/v2\/pages"}],"about":[{"href":"http:\/\/kreds20.dk\/index.php\/wp-json\/wp\/v2\/types\/page"}],"author":[{"embeddable":true,"href":"http:\/\/kreds20.dk\/index.php\/wp-json\/wp\/v2\/users\/1"}],"replies":[{"embeddable":true,"href":"http:\/\/kreds20.dk\/index.php\/wp-json\/wp\/v2\/comments?post=41"}],"version-history":[{"count":3,"href":"http:\/\/kreds20.dk\/index.php\/wp-json\/wp\/v2\/pages\/41\/revisions"}],"predecessor-version":[{"id":183,"href":"http:\/\/kreds20.dk\/index.php\/wp-json\/wp\/v2\/pages\/41\/revisions\/183"}],"wp:attachment":[{"href":"http:\/\/kreds20.dk\/index.php\/wp-json\/wp\/v2\/media?parent=41"}],"curies":[{"name":"wp","href":"https:\/\/api.w.org\/{rel}","templated":true}]}}